{"id":491,"date":"2023-09-11T10:26:15","date_gmt":"2023-09-11T08:26:15","guid":{"rendered":"https:\/\/www.lorima.fr\/mentions-legales\/"},"modified":"2024-03-22T14:10:58","modified_gmt":"2024-03-22T13:10:58","slug":"mentions-legales","status":"publish","type":"page","link":"https:\/\/www.lorima.fr\/en\/mentions-legales\/","title":{"rendered":"Terms &amp; Conditions"},"content":{"rendered":"\t\t<div data-elementor-type=\"wp-page\" data-elementor-id=\"491\" class=\"elementor elementor-491 elementor-388\" data-elementor-post-type=\"page\">\n\t\t\t\t\t\t<section class=\"elementor-section elementor-top-section elementor-element elementor-element-17f9735 elementor-section-height-min-height elementor-section-boxed elementor-section-height-default elementor-section-items-middle\" data-id=\"17f9735\" data-element_type=\"section\" data-e-type=\"section\" data-settings=\"{&quot;background_background&quot;:&quot;classic&quot;,&quot;ekit_has_onepagescroll_dot&quot;:&quot;yes&quot;}\">\n\t\t\t\t\t\t<div class=\"elementor-container elementor-column-gap-default\">\n\t\t\t\t\t<div class=\"elementor-column elementor-col-100 elementor-top-column elementor-element elementor-element-ccf315f\" data-id=\"ccf315f\" data-element_type=\"column\" data-e-type=\"column\">\n\t\t\t<div class=\"elementor-widget-wrap elementor-element-populated\">\n\t\t\t\t\t\t<div class=\"elementor-element elementor-element-b01c08d elementor-widget elementor-widget-elementskit-breadcrumb\" data-id=\"b01c08d\" data-element_type=\"widget\" data-e-type=\"widget\" data-settings=\"{&quot;ekit_we_effect_on&quot;:&quot;none&quot;}\" data-widget_type=\"elementskit-breadcrumb.default\">\n\t\t\t\t<div class=\"elementor-widget-container\">\n\t\t\t\t\t<div class=\"ekit-wid-con\" ><ol class=\"ekit-breadcrumb\"><li class=\"ekit_breadcrumbs_start\"><a href=\"https:\/\/www.lorima.fr\/en\/\">Home<\/a><\/li> <li class=\"brd_sep\"><span class=\"separate_icon\"><i class=\"fas fa-circle\"><\/i><\/span><\/li>  <li>Terms &amp; Conditions<\/li><\/ol><\/div>\t\t\t\t<\/div>\n\t\t\t\t<\/div>\n\t\t\t\t\t<\/div>\n\t\t<\/div>\n\t\t\t\t\t<\/div>\n\t\t<\/section>\n\t\t\t\t<section class=\"elementor-section elementor-top-section elementor-element elementor-element-b79e6ec elementor-section-full_width elementor-section-height-min-height ekit-sticky--top elementor-section-height-default elementor-section-items-middle\" data-id=\"b79e6ec\" data-element_type=\"section\" data-e-type=\"section\" data-settings=\"{&quot;background_background&quot;:&quot;classic&quot;,&quot;ekit_sticky&quot;:&quot;top&quot;,&quot;ekit_sticky_offset&quot;:{&quot;unit&quot;:&quot;px&quot;,&quot;size&quot;:0,&quot;sizes&quot;:[]},&quot;ekit_sticky_offset_tablet&quot;:{&quot;unit&quot;:&quot;px&quot;,&quot;size&quot;:&quot;&quot;,&quot;sizes&quot;:[]},&quot;ekit_sticky_offset_mobile&quot;:{&quot;unit&quot;:&quot;px&quot;,&quot;size&quot;:&quot;&quot;,&quot;sizes&quot;:[]},&quot;ekit_sticky_on_desktop&quot;:&quot;desktop&quot;,&quot;ekit_sticky_on_tablet&quot;:&quot;tablet&quot;,&quot;ekit_sticky_on_mobile&quot;:&quot;mobile&quot;,&quot;ekit_sticky_effect_offset&quot;:{&quot;unit&quot;:&quot;px&quot;,&quot;size&quot;:0,&quot;sizes&quot;:[]},&quot;ekit_sticky_effect_offset_tablet&quot;:{&quot;unit&quot;:&quot;px&quot;,&quot;size&quot;:&quot;&quot;,&quot;sizes&quot;:[]},&quot;ekit_sticky_effect_offset_mobile&quot;:{&quot;unit&quot;:&quot;px&quot;,&quot;size&quot;:&quot;&quot;,&quot;sizes&quot;:[]},&quot;ekit_has_onepagescroll_dot&quot;:&quot;yes&quot;}\">\n\t\t\t\t\t\t<div class=\"elementor-container elementor-column-gap-default\">\n\t\t\t\t\t<div class=\"elementor-column elementor-col-100 elementor-top-column elementor-element elementor-element-e391121\" data-id=\"e391121\" data-element_type=\"column\" data-e-type=\"column\">\n\t\t\t<div class=\"elementor-widget-wrap\">\n\t\t\t\t\t\t\t<\/div>\n\t\t<\/div>\n\t\t\t\t\t<\/div>\n\t\t<\/section>\n\t\t\t\t<section class=\"elementor-section elementor-top-section elementor-element elementor-element-53eb6fa elementor-section-boxed elementor-section-height-default elementor-section-height-default\" data-id=\"53eb6fa\" data-element_type=\"section\" data-e-type=\"section\" data-settings=\"{&quot;ekit_has_onepagescroll_dot&quot;:&quot;yes&quot;}\">\n\t\t\t\t\t\t<div class=\"elementor-container elementor-column-gap-no\">\n\t\t\t\t\t<div class=\"elementor-column elementor-col-100 elementor-top-column elementor-element elementor-element-0860068\" data-id=\"0860068\" data-element_type=\"column\" data-e-type=\"column\">\n\t\t\t<div class=\"elementor-widget-wrap elementor-element-populated\">\n\t\t\t\t\t\t<div class=\"elementor-element elementor-element-c8784f2 elementor-widget elementor-widget-text-editor\" data-id=\"c8784f2\" data-element_type=\"widget\" data-e-type=\"widget\" data-settings=\"{&quot;ekit_we_effect_on&quot;:&quot;none&quot;}\" data-widget_type=\"text-editor.default\">\n\t\t\t\t<div class=\"elementor-widget-container\">\n\t\t\t\t\t\t\t\t\t<h3>Owner and publisher<\/h3>\n<p style=\"line-height: 100%; margin-bottom: 0cm;\" align=\"left\"><span style=\"background: transparent;\"><b>Owner<\/b>: Lorima<\/span><\/p>\n<p style=\"line-height: 100%; margin-bottom: 0cm;\" align=\"left\"><span style=\"background: transparent;\"> <\/span><\/p>\n<p style=\"line-height: 100%; margin-bottom: 0cm;\" align=\"left\"><span style=\"background: transparent;\"><b>Head office address <\/b><\/span><\/p>\n<p style=\"line-height: 100%; margin-bottom: 0cm;\" align=\"left\">7 rue du Commandant L\u2019Herminier <\/p>\n<p style=\"line-height: 100%; margin-bottom: 0cm;\" align=\"left\"><span style=\"background: transparent;\">Bloc K1<\/span><\/p>\n<p style=\"line-height: 100%; margin-bottom: 0cm;\" align=\"left\"><span style=\"background: transparent;\">BSM de K\u00e9roman<\/span><\/p>\n<p style=\"line-height: 100%; margin-bottom: 0cm;\" align=\"left\"><span style=\"background: transparent;\">56100 Lorient<\/span><\/p>\n<p style=\"line-height: 100%; margin-bottom: 0cm;\" align=\"left\"><span style=\"background: transparent;\">France<\/span><\/p>\n<p style=\"line-height: 100%; margin-bottom: 0cm;\" align=\"left\"><span style=\"background: transparent;\"> <\/span><\/p>\n<p style=\"line-height: 100%; margin-bottom: 0cm;\" align=\"left\"><span style=\"background: transparent;\"><b>Tel :<\/b> +33 (0)2 97 87 98 44<\/span><\/p>\n<p style=\"line-height: 100%; margin-bottom: 0cm;\" align=\"left\"><span style=\"background: transparent;\"> <\/span><\/p>\n<p style=\"line-height: 100%; margin-bottom: 0cm;\" align=\"left\"><span style=\"background: transparent;\"><b>Company name :<\/b> soci\u00e9t\u00e9 par actions simplifi\u00e9e (simplified joint stock company), registered under SIREN number 439742537<\/span><\/p>\n<p style=\"line-height: 100%; margin-bottom: 0cm;\" align=\"left\"><span style=\"background: transparent;\"> <\/span><\/p>\n<p style=\"line-height: 100%; margin-bottom: 0cm;\" align=\"left\"><span style=\"background: transparent;\"><strong>V<\/strong><b>AT identification<\/b> : FR75439742537<\/span><\/p>\n<p style=\"line-height: 100%; margin-bottom: 0cm;\" align=\"left\"><span style=\"background: transparent;\"> <\/span><\/p>\n<p style=\"line-height: 100%; margin-bottom: 0cm;\" align=\"left\"><span style=\"background: transparent;\"><b>SIRET :<\/b> 43974253700020<\/span><\/p>\n<p style=\"line-height: 100%; margin-bottom: 0cm;\" align=\"left\"><span style=\"background: transparent;\"> <\/span><\/p>\n<p style=\"line-height: 100%; margin-bottom: 0cm;\" align=\"left\"><span style=\"background: transparent;\"><b>Responsable de publication<\/b> : Yann CADART &#8211; Director<\/span><\/p>\n<p align=\"left\"><strong>Contact <\/strong>:<\/p>\n<p><span style=\"font-family: var( --e-global-typography-text-font-family ), Sans-serif; font-weight: var( --e-global-typography-text-font-weight ); background: transparent; font-size: 1rem;\"><b>Contact <\/b>: <a href=\"mailto:contact@lorima.fr\">contact@lorima.fr<\/a><\/span><\/p>\n\t\t\t\t\t\t\t\t<\/div>\n\t\t\t\t<\/div>\n\t\t\t\t<div class=\"elementor-element elementor-element-b68dbcd elementor-widget-divider--view-line elementor-widget elementor-widget-divider\" data-id=\"b68dbcd\" data-element_type=\"widget\" data-e-type=\"widget\" data-settings=\"{&quot;ekit_we_effect_on&quot;:&quot;none&quot;}\" data-widget_type=\"divider.default\">\n\t\t\t\t<div class=\"elementor-widget-container\">\n\t\t\t\t\t\t\t<div class=\"elementor-divider\">\n\t\t\t<span class=\"elementor-divider-separator\">\n\t\t\t\t\t\t<\/span>\n\t\t<\/div>\n\t\t\t\t\t\t<\/div>\n\t\t\t\t<\/div>\n\t\t\t\t<div class=\"elementor-element elementor-element-d620965 elementor-widget elementor-widget-text-editor\" data-id=\"d620965\" data-element_type=\"widget\" data-e-type=\"widget\" data-settings=\"{&quot;ekit_we_effect_on&quot;:&quot;none&quot;}\" data-widget_type=\"text-editor.default\">\n\t\t\t\t<div class=\"elementor-widget-container\">\n\t\t\t\t\t\t\t\t\t<h3>Design, production and referencing<\/h3>\n<p style=\"line-height: 100%; margin-bottom: 0.1cm;\" align=\"left\"><span style=\"font-weight: bold;\">Designer <\/span>: Addviso<\/p>\n<p style=\"line-height: 100%; margin-bottom: 0.1cm;\" align=\"left\"><span style=\"font-weight: bold;\">Head office address :<\/span><\/p>\n<p style=\"line-height: 100%; margin-bottom: 0.1cm;\" align=\"left\"><span style=\"background: transparent;\">4 rue d&#8217;Estr\u00e9e, 35000 Rennes<\/span><\/p>\n<p style=\"line-height: 100%; margin-bottom: 0.1cm;\" align=\"left\"><span style=\"background: transparent;\">35000 Rennes<\/span><\/p>\n<p style=\"line-height: 100%; margin-bottom: 0.1cm;\" align=\"left\"><span style=\"background: transparent;\">France<\/span><\/p>\n<p style=\"line-height: 100%; margin-bottom: 0.1cm;\" align=\"left\"><span style=\"background: transparent;\"> <\/span><\/p>\n<p style=\"line-height: 100%; margin-bottom: 0.1cm;\" align=\"left\"><span style=\"background: transparent;\"><strong>Tel. :<\/strong> +33 (0)2 23 20 19 83<\/span><\/p>\n<p style=\"line-height: 100%; margin-bottom: 0.1cm;\" align=\"left\"><span style=\"background: transparent;\"> <\/span><\/p>\n<p style=\"line-height: 100%; margin-bottom: 0.1cm;\" align=\"left\"><strong>Contact : <\/strong><a href=\"mailto:%20contact@addviso.com\" target=\"_blank\" rel=\"noopener\">contact@addviso.com<\/a><\/p>\n<p style=\"line-height: 100%; margin-bottom: 0.1cm;\" align=\"left\"><a href=\"https:\/\/www.addviso.com\/\">https:\/\/www.addviso.com<\/a><\/p>\n\t\t\t\t\t\t\t\t<\/div>\n\t\t\t\t<\/div>\n\t\t\t\t<div class=\"elementor-element elementor-element-6f27a17 elementor-widget-divider--view-line elementor-widget elementor-widget-divider\" data-id=\"6f27a17\" data-element_type=\"widget\" data-e-type=\"widget\" data-settings=\"{&quot;ekit_we_effect_on&quot;:&quot;none&quot;}\" data-widget_type=\"divider.default\">\n\t\t\t\t<div class=\"elementor-widget-container\">\n\t\t\t\t\t\t\t<div class=\"elementor-divider\">\n\t\t\t<span class=\"elementor-divider-separator\">\n\t\t\t\t\t\t<\/span>\n\t\t<\/div>\n\t\t\t\t\t\t<\/div>\n\t\t\t\t<\/div>\n\t\t\t\t<div class=\"elementor-element elementor-element-d6a2700 elementor-widget elementor-widget-text-editor\" data-id=\"d6a2700\" data-element_type=\"widget\" data-e-type=\"widget\" data-settings=\"{&quot;ekit_we_effect_on&quot;:&quot;none&quot;}\" data-widget_type=\"text-editor.default\">\n\t\t\t\t<div class=\"elementor-widget-container\">\n\t\t\t\t\t\t\t\t\t<h3>Web host<\/h3>\n<p align=\"left\"><span style=\"font-weight: bold;\">Web Hoster<\/span>: DataCampus<\/p>\n<p><span style=\"font-weight: bold;\">Head office address :<\/span><br \/>Technopole du Futuroscope<br \/>86360 Chasseneuil<br \/><span style=\"font-family: var( --e-global-typography-text-font-family ), Sans-serif; font-size: 1rem; font-weight: var( --e-global-typography-text-font-weight );\">France<\/span><\/p>\n<p align=\"left\"><strong>Tel :<\/strong> +33 (0)5 16 64 00 75<\/p>\n<p align=\"left\"><span style=\"font-weight: bolder; font-family: var( --e-global-typography-text-font-family ), Sans-serif; font-size: 1rem;\">Contact :<\/span> <a href=\"mailto:sales@datacampus.fr\">sales@datacampus.fr<\/a><\/p>\n\t\t\t\t\t\t\t\t<\/div>\n\t\t\t\t<\/div>\n\t\t\t\t<div class=\"elementor-element elementor-element-4340fdc elementor-widget-divider--view-line elementor-widget elementor-widget-divider\" data-id=\"4340fdc\" data-element_type=\"widget\" data-e-type=\"widget\" data-settings=\"{&quot;ekit_we_effect_on&quot;:&quot;none&quot;}\" data-widget_type=\"divider.default\">\n\t\t\t\t<div class=\"elementor-widget-container\">\n\t\t\t\t\t\t\t<div class=\"elementor-divider\">\n\t\t\t<span class=\"elementor-divider-separator\">\n\t\t\t\t\t\t<\/span>\n\t\t<\/div>\n\t\t\t\t\t\t<\/div>\n\t\t\t\t<\/div>\n\t\t\t\t<div class=\"elementor-element elementor-element-daa8a6a elementor-widget elementor-widget-text-editor\" data-id=\"daa8a6a\" data-element_type=\"widget\" data-e-type=\"widget\" data-settings=\"{&quot;ekit_we_effect_on&quot;:&quot;none&quot;}\" data-widget_type=\"text-editor.default\">\n\t\t\t\t<div class=\"elementor-widget-container\">\n\t\t\t\t\t\t\t\t\t<h3>Copyrights<\/h3>\n<p align=\"left\">This entire site is subject to French and international legislation on copyright and intellectual property. All reproduction rights are reserved, including iconographic and photographic representations.<\/p>\n\t\t\t\t\t\t\t\t<\/div>\n\t\t\t\t<\/div>\n\t\t\t\t<div class=\"elementor-element elementor-element-27625f7 elementor-widget-divider--view-line elementor-widget elementor-widget-divider\" data-id=\"27625f7\" data-element_type=\"widget\" data-e-type=\"widget\" data-settings=\"{&quot;ekit_we_effect_on&quot;:&quot;none&quot;}\" data-widget_type=\"divider.default\">\n\t\t\t\t<div class=\"elementor-widget-container\">\n\t\t\t\t\t\t\t<div class=\"elementor-divider\">\n\t\t\t<span class=\"elementor-divider-separator\">\n\t\t\t\t\t\t<\/span>\n\t\t<\/div>\n\t\t\t\t\t\t<\/div>\n\t\t\t\t<\/div>\n\t\t\t\t<div class=\"elementor-element elementor-element-1a3be14 elementor-widget elementor-widget-text-editor\" data-id=\"1a3be14\" data-element_type=\"widget\" data-e-type=\"widget\" data-settings=\"{&quot;ekit_we_effect_on&quot;:&quot;none&quot;}\" data-widget_type=\"text-editor.default\">\n\t\t\t\t<div class=\"elementor-widget-container\">\n\t\t\t\t\t\t\t\t\t<h3>Photo credits<\/h3>\n<p align=\"left\">All photographs used on this site are subject to copyright. They may not be used or duplicated without the written authorisation of Lorima.<\/p>\n\t\t\t\t\t\t\t\t<\/div>\n\t\t\t\t<\/div>\n\t\t\t\t<div class=\"elementor-element elementor-element-567c615 elementor-widget-divider--view-line elementor-widget elementor-widget-divider\" data-id=\"567c615\" data-element_type=\"widget\" data-e-type=\"widget\" data-settings=\"{&quot;ekit_we_effect_on&quot;:&quot;none&quot;}\" data-widget_type=\"divider.default\">\n\t\t\t\t<div class=\"elementor-widget-container\">\n\t\t\t\t\t\t\t<div class=\"elementor-divider\">\n\t\t\t<span class=\"elementor-divider-separator\">\n\t\t\t\t\t\t<\/span>\n\t\t<\/div>\n\t\t\t\t\t\t<\/div>\n\t\t\t\t<\/div>\n\t\t\t\t<div class=\"elementor-element elementor-element-8f63be9 elementor-widget elementor-widget-text-editor\" data-id=\"8f63be9\" data-element_type=\"widget\" data-e-type=\"widget\" data-settings=\"{&quot;ekit_we_effect_on&quot;:&quot;none&quot;}\" data-widget_type=\"text-editor.default\">\n\t\t\t\t<div class=\"elementor-widget-container\">\n\t\t\t\t\t\t\t\t\t<h3>Site security and management<\/h3>\n<p align=\"left\">In order to implement the security measures and maintenance operations essential to the proper management of the site, the publisher may be required, at any time, to suspend, interrupt or limit access to all or part of the site or to delete any information that may disrupt its operation or contravene the regulations in force.<\/p>\n\t\t\t\t\t\t\t\t<\/div>\n\t\t\t\t<\/div>\n\t\t\t\t<div class=\"elementor-element elementor-element-c99d74e elementor-widget-divider--view-line elementor-widget elementor-widget-divider\" data-id=\"c99d74e\" data-element_type=\"widget\" data-e-type=\"widget\" data-settings=\"{&quot;ekit_we_effect_on&quot;:&quot;none&quot;}\" data-widget_type=\"divider.default\">\n\t\t\t\t<div class=\"elementor-widget-container\">\n\t\t\t\t\t\t\t<div class=\"elementor-divider\">\n\t\t\t<span class=\"elementor-divider-separator\">\n\t\t\t\t\t\t<\/span>\n\t\t<\/div>\n\t\t\t\t\t\t<\/div>\n\t\t\t\t<\/div>\n\t\t\t\t<div class=\"elementor-element elementor-element-d5e8d8f elementor-widget elementor-widget-text-editor\" data-id=\"d5e8d8f\" data-element_type=\"widget\" data-e-type=\"widget\" data-settings=\"{&quot;ekit_we_effect_on&quot;:&quot;none&quot;}\" data-widget_type=\"text-editor.default\">\n\t\t\t\t<div class=\"elementor-widget-container\">\n\t\t\t\t\t\t\t\t\t<h3>Hypertext links<\/h3>\n<p align=\"left\">The site editor cannot be held responsible for the content of the information provided by the sites to which hypertext links are made and declines all responsibility in the event that the practices of one of the third-party sites contravene the legislation in force, particularly with regard to the protection of personal data.<\/p>\n\t\t\t\t\t\t\t\t<\/div>\n\t\t\t\t<\/div>\n\t\t\t\t\t<\/div>\n\t\t<\/div>\n\t\t\t\t\t<\/div>\n\t\t<\/section>\n\t\t\t\t<section class=\"elementor-section elementor-top-section elementor-element elementor-element-d23ac44 elementor-section-height-min-height elementor-section-boxed elementor-section-height-default elementor-section-items-middle\" data-id=\"d23ac44\" data-element_type=\"section\" data-e-type=\"section\" data-settings=\"{&quot;ekit_has_onepagescroll_dot&quot;:&quot;yes&quot;}\">\n\t\t\t\t\t\t<div class=\"elementor-container elementor-column-gap-default\">\n\t\t\t\t\t<div class=\"elementor-column elementor-col-100 elementor-top-column elementor-element elementor-element-eec68f3\" data-id=\"eec68f3\" data-element_type=\"column\" data-e-type=\"column\">\n\t\t\t<div class=\"elementor-widget-wrap\">\n\t\t\t\t\t\t\t<\/div>\n\t\t<\/div>\n\t\t\t\t\t<\/div>\n\t\t<\/section>\n\t\t\t\t<\/div>\n\t\t","protected":false},"excerpt":{"rendered":"<p>Home Owner and publisher Owner: Lorima Head office address 7 rue du Commandant L\u2019Herminier Bloc K1 BSM de K\u00e9roman 56100 Lorient France Tel : +33 (0)2 97 87 98 44 Company name : soci\u00e9t\u00e9 par actions simplifi\u00e9e (simplified joint stock company), registered under SIREN number 439742537 VAT identification : FR75439742537 SIRET : 43974253700020 Responsable de [&hellip;]<\/p>\n","protected":false},"author":1,"featured_media":0,"parent":0,"menu_order":0,"comment_status":"closed","ping_status":"closed","template":"elementor_header_footer","meta":{"_acf_changed":false,"footnotes":""},"class_list":["post-491","page","type-page","status-publish","hentry"],"acf":[],"yoast_head":"<!-- This site is optimized with the Yoast SEO plugin v27.1 - https:\/\/yoast.com\/product\/yoast-seo-wordpress\/ -->\n<title>Terms &amp; Conditions &#8211; Lorima<\/title>\n<meta name=\"description\" content=\"Depuis plus de 20 ans, Lorima est sp\u00e9cialis\u00e9e dans la fabrication de m\u00e2ts et b\u00f4mes en fibre de carbone pour les bateaux de course et les bateaux de croisi\u00e8re.\" \/>\n<meta name=\"robots\" content=\"index, follow, max-snippet:-1, max-image-preview:large, max-video-preview:-1\" \/>\n<link rel=\"canonical\" href=\"https:\/\/www.lorima.fr\/en\/mentions-legales\/\" \/>\n<meta property=\"og:locale\" content=\"en_US\" \/>\n<meta property=\"og:type\" content=\"article\" \/>\n<meta property=\"og:title\" content=\"Terms &amp; Conditions &#8211; Lorima\" \/>\n<meta property=\"og:description\" content=\"Depuis plus de 20 ans, Lorima est sp\u00e9cialis\u00e9e dans la fabrication de m\u00e2ts et b\u00f4mes en fibre de carbone pour les bateaux de course et les bateaux de croisi\u00e8re.\" \/>\n<meta property=\"og:url\" content=\"https:\/\/www.lorima.fr\/en\/mentions-legales\/\" \/>\n<meta property=\"og:site_name\" content=\"Lorima\" \/>\n<meta property=\"article:modified_time\" content=\"2024-03-22T13:10:58+00:00\" \/>\n<meta property=\"og:image\" content=\"https:\/\/www.lorima.fr\/uploads\/2024\/05\/Lorima.jpg\" \/>\n\t<meta property=\"og:image:width\" content=\"1200\" \/>\n\t<meta property=\"og:image:height\" content=\"675\" \/>\n\t<meta property=\"og:image:type\" content=\"image\/jpeg\" \/>\n<meta name=\"twitter:card\" content=\"summary_large_image\" \/>\n<meta name=\"twitter:label1\" content=\"Est. reading time\" \/>\n\t<meta name=\"twitter:data1\" content=\"1 minute\" \/>\n<script type=\"application\/ld+json\" class=\"yoast-schema-graph\">{\"@context\":\"https:\/\/schema.org\",\"@graph\":[{\"@type\":\"WebPage\",\"@id\":\"https:\/\/www.lorima.fr\/en\/mentions-legales\/\",\"url\":\"https:\/\/www.lorima.fr\/en\/mentions-legales\/\",\"name\":\"Terms &amp; Conditions &#8211; Lorima\",\"isPartOf\":{\"@id\":\"https:\/\/www.lorima.fr\/en\/#website\"},\"datePublished\":\"2023-09-11T08:26:15+00:00\",\"dateModified\":\"2024-03-22T13:10:58+00:00\",\"description\":\"Depuis plus de 20 ans, Lorima est sp\u00e9cialis\u00e9e dans la fabrication de m\u00e2ts et b\u00f4mes en fibre de carbone pour les bateaux de course et les bateaux de croisi\u00e8re.\",\"breadcrumb\":{\"@id\":\"https:\/\/www.lorima.fr\/en\/mentions-legales\/#breadcrumb\"},\"inLanguage\":\"en-US\",\"potentialAction\":[{\"@type\":\"ReadAction\",\"target\":[\"https:\/\/www.lorima.fr\/en\/mentions-legales\/\"]}]},{\"@type\":\"BreadcrumbList\",\"@id\":\"https:\/\/www.lorima.fr\/en\/mentions-legales\/#breadcrumb\",\"itemListElement\":[{\"@type\":\"ListItem\",\"position\":1,\"name\":\"Accueil\",\"item\":\"https:\/\/www.lorima.fr\/en\/\"},{\"@type\":\"ListItem\",\"position\":2,\"name\":\"Terms &amp; Conditions\"}]},{\"@type\":\"WebSite\",\"@id\":\"https:\/\/www.lorima.fr\/en\/#website\",\"url\":\"https:\/\/www.lorima.fr\/en\/\",\"name\":\"Lorima\",\"description\":\"M\u00e2ts &amp; espars carbone\",\"publisher\":{\"@id\":\"https:\/\/www.lorima.fr\/en\/#organization\"},\"potentialAction\":[{\"@type\":\"SearchAction\",\"target\":{\"@type\":\"EntryPoint\",\"urlTemplate\":\"https:\/\/www.lorima.fr\/en\/?s={search_term_string}\"},\"query-input\":{\"@type\":\"PropertyValueSpecification\",\"valueRequired\":true,\"valueName\":\"search_term_string\"}}],\"inLanguage\":\"en-US\"},{\"@type\":\"Organization\",\"@id\":\"https:\/\/www.lorima.fr\/en\/#organization\",\"name\":\"Lorima\",\"url\":\"https:\/\/www.lorima.fr\/en\/\",\"logo\":{\"@type\":\"ImageObject\",\"inLanguage\":\"en-US\",\"@id\":\"https:\/\/www.lorima.fr\/en\/#\/schema\/logo\/image\/\",\"url\":\"https:\/\/www.lorima.fr\/uploads\/2023\/07\/logoLorima.svg\",\"contentUrl\":\"https:\/\/www.lorima.fr\/uploads\/2023\/07\/logoLorima.svg\",\"caption\":\"Lorima\"},\"image\":{\"@id\":\"https:\/\/www.lorima.fr\/en\/#\/schema\/logo\/image\/\"}}]}<\/script>\n<!-- \/ Yoast SEO plugin. -->","yoast_head_json":{"title":"Terms &amp; Conditions &#8211; Lorima","description":"Depuis plus de 20 ans, Lorima est sp\u00e9cialis\u00e9e dans la fabrication de m\u00e2ts et b\u00f4mes en fibre de carbone pour les bateaux de course et les bateaux de croisi\u00e8re.","robots":{"index":"index","follow":"follow","max-snippet":"max-snippet:-1","max-image-preview":"max-image-preview:large","max-video-preview":"max-video-preview:-1"},"canonical":"https:\/\/www.lorima.fr\/en\/mentions-legales\/","og_locale":"en_US","og_type":"article","og_title":"Terms &amp; Conditions &#8211; Lorima","og_description":"Depuis plus de 20 ans, Lorima est sp\u00e9cialis\u00e9e dans la fabrication de m\u00e2ts et b\u00f4mes en fibre de carbone pour les bateaux de course et les bateaux de croisi\u00e8re.","og_url":"https:\/\/www.lorima.fr\/en\/mentions-legales\/","og_site_name":"Lorima","article_modified_time":"2024-03-22T13:10:58+00:00","og_image":[{"width":1200,"height":675,"url":"https:\/\/www.lorima.fr\/uploads\/2024\/05\/Lorima.jpg","type":"image\/jpeg"}],"twitter_card":"summary_large_image","twitter_misc":{"Est. reading time":"1 minute"},"schema":{"@context":"https:\/\/schema.org","@graph":[{"@type":"WebPage","@id":"https:\/\/www.lorima.fr\/en\/mentions-legales\/","url":"https:\/\/www.lorima.fr\/en\/mentions-legales\/","name":"Terms &amp; Conditions &#8211; Lorima","isPartOf":{"@id":"https:\/\/www.lorima.fr\/en\/#website"},"datePublished":"2023-09-11T08:26:15+00:00","dateModified":"2024-03-22T13:10:58+00:00","description":"Depuis plus de 20 ans, Lorima est sp\u00e9cialis\u00e9e dans la fabrication de m\u00e2ts et b\u00f4mes en fibre de carbone pour les bateaux de course et les bateaux de croisi\u00e8re.","breadcrumb":{"@id":"https:\/\/www.lorima.fr\/en\/mentions-legales\/#breadcrumb"},"inLanguage":"en-US","potentialAction":[{"@type":"ReadAction","target":["https:\/\/www.lorima.fr\/en\/mentions-legales\/"]}]},{"@type":"BreadcrumbList","@id":"https:\/\/www.lorima.fr\/en\/mentions-legales\/#breadcrumb","itemListElement":[{"@type":"ListItem","position":1,"name":"Accueil","item":"https:\/\/www.lorima.fr\/en\/"},{"@type":"ListItem","position":2,"name":"Terms &amp; Conditions"}]},{"@type":"WebSite","@id":"https:\/\/www.lorima.fr\/en\/#website","url":"https:\/\/www.lorima.fr\/en\/","name":"Lorima","description":"M\u00e2ts &amp; espars carbone","publisher":{"@id":"https:\/\/www.lorima.fr\/en\/#organization"},"potentialAction":[{"@type":"SearchAction","target":{"@type":"EntryPoint","urlTemplate":"https:\/\/www.lorima.fr\/en\/?s={search_term_string}"},"query-input":{"@type":"PropertyValueSpecification","valueRequired":true,"valueName":"search_term_string"}}],"inLanguage":"en-US"},{"@type":"Organization","@id":"https:\/\/www.lorima.fr\/en\/#organization","name":"Lorima","url":"https:\/\/www.lorima.fr\/en\/","logo":{"@type":"ImageObject","inLanguage":"en-US","@id":"https:\/\/www.lorima.fr\/en\/#\/schema\/logo\/image\/","url":"https:\/\/www.lorima.fr\/uploads\/2023\/07\/logoLorima.svg","contentUrl":"https:\/\/www.lorima.fr\/uploads\/2023\/07\/logoLorima.svg","caption":"Lorima"},"image":{"@id":"https:\/\/www.lorima.fr\/en\/#\/schema\/logo\/image\/"}}]}},"_links":{"self":[{"href":"https:\/\/www.lorima.fr\/en\/wp-json\/wp\/v2\/pages\/491","targetHints":{"allow":["GET"]}}],"collection":[{"href":"https:\/\/www.lorima.fr\/en\/wp-json\/wp\/v2\/pages"}],"about":[{"href":"https:\/\/www.lorima.fr\/en\/wp-json\/wp\/v2\/types\/page"}],"author":[{"embeddable":true,"href":"https:\/\/www.lorima.fr\/en\/wp-json\/wp\/v2\/users\/1"}],"replies":[{"embeddable":true,"href":"https:\/\/www.lorima.fr\/en\/wp-json\/wp\/v2\/comments?post=491"}],"version-history":[{"count":2,"href":"https:\/\/www.lorima.fr\/en\/wp-json\/wp\/v2\/pages\/491\/revisions"}],"predecessor-version":[{"id":7222,"href":"https:\/\/www.lorima.fr\/en\/wp-json\/wp\/v2\/pages\/491\/revisions\/7222"}],"wp:attachment":[{"href":"https:\/\/www.lorima.fr\/en\/wp-json\/wp\/v2\/media?parent=491"}],"curies":[{"name":"wp","href":"https:\/\/api.w.org\/{rel}","templated":true}]}}